{"id":111,"date":"2011-12-19T21:16:10","date_gmt":"2011-12-19T19:16:10","guid":{"rendered":"http:\/\/sitelogic.de\/?page_id=111"},"modified":"2025-05-26T20:40:33","modified_gmt":"2025-05-26T18:40:33","slug":"sudafrika-reiseblog","status":"publish","type":"page","link":"https:\/\/sitelogic.de\/?page_id=111","title":{"rendered":"S\u00fcdafrika"},"content":{"rendered":"\n<div class=\"wp-block-query is-layout-flow wp-block-query-is-layout-flow\"><ul class=\"columns-3 wp-block-post-template is-layout-grid wp-container-core-post-template-is-layout-2fc57c17 wp-block-post-template-is-layout-grid\"><li class=\"wp-block-post post-118 post type-post status-publish format-standard hentry category-southafrica\">\n\n<div class=\"wp-block-group\" style=\"padding-top:30px;padding-right:30px;padding-bottom:30px;padding-left:30px\"><div class=\"wp-block-group__inner-container is-layout-flow wp-block-group-is-layout-flow\"><h2 class=\"wp-block-post-title\"><a href=\"https:\/\/sitelogic.de\/?p=118\" target=\"_self\" >S\u00fcdafrika<\/a><\/h2>\n\n<div class=\"wp-block-post-excerpt\"><p class=\"wp-block-post-excerpt__excerpt\">Am 28.12.2011 geht es nach Kapstadt \/ S\u00fcdafrika. Ich werde versuchen im Verlauf unserer Reise auf dieser Seite hin und wieder ein paar Neuigkeiten, Bilder, etc. unserer Reise reinzustellen. \u00dcber Kommentare und Anmerkungen freue ich mich! Juppy <\/p><\/div>\n\n<div class=\"wp-block-post-date\"><time datetime=\"2011-12-19T21:24:42+02:00\">19. Dezember 2011<\/time><\/div><\/div><\/div>\n\n<\/li><li class=\"wp-block-post post-150 post type-post status-publish format-standard hentry category-southafrica\">\n\n<div class=\"wp-block-group\" style=\"padding-top:30px;padding-right:30px;padding-bottom:30px;padding-left:30px\"><div class=\"wp-block-group__inner-container is-layout-flow wp-block-group-is-layout-flow\"><h2 class=\"wp-block-post-title\"><a href=\"https:\/\/sitelogic.de\/?p=150\" target=\"_self\" >Die Vorbereitungen laufen&#8230;<\/a><\/h2>\n\n<div class=\"wp-block-post-excerpt\"><p class=\"wp-block-post-excerpt__excerpt\"> <\/p><\/div>\n\n<div class=\"wp-block-post-date\"><time datetime=\"2011-12-20T23:06:46+02:00\">20. Dezember 2011<\/time><\/div><\/div><\/div>\n\n<\/li><li class=\"wp-block-post post-155 post type-post status-publish format-standard hentry category-southafrica\">\n\n<div class=\"wp-block-group\" style=\"padding-top:30px;padding-right:30px;padding-bottom:30px;padding-left:30px\"><div class=\"wp-block-group__inner-container is-layout-flow wp-block-group-is-layout-flow\"><h2 class=\"wp-block-post-title\"><a href=\"https:\/\/sitelogic.de\/?p=155\" target=\"_self\" >Tsch\u00fcss &#8230; Bye<\/a><\/h2>\n\n<div class=\"wp-block-post-excerpt\"><p class=\"wp-block-post-excerpt__excerpt\"> <\/p><\/div>\n\n<div class=\"wp-block-post-date\"><time datetime=\"2011-12-28T19:51:01+02:00\">28. Dezember 2011<\/time><\/div><\/div><\/div>\n\n<\/li><li class=\"wp-block-post post-160 post type-post status-publish format-standard hentry category-southafrica\">\n\n<div class=\"wp-block-group\" style=\"padding-top:30px;padding-right:30px;padding-bottom:30px;padding-left:30px\"><div class=\"wp-block-group__inner-container is-layout-flow wp-block-group-is-layout-flow\"><h2 class=\"wp-block-post-title\"><a href=\"https:\/\/sitelogic.de\/?p=160\" target=\"_self\" >1. Tag &#8211; Kapstadt<\/a><\/h2>\n\n<div class=\"wp-block-post-excerpt\"><p class=\"wp-block-post-excerpt__excerpt\">Nach einem anstrengend langen elfst\u00fcndigen Flug von Paris nach Kapstadt, sind wir nun wohlbehalten an unserem \u00fcber 9000km von zu Hause entfernten Ziel angekommen. Als erstes ging es dann zur Autovermietung. Mir war zwar bewusst, dass in S\u00fcdafrika Linksverkehr herrscht, aber dass der Blinker auch auf der anderen Seite ist, wusste ich nicht. Unz\u00e4hlige Male&hellip; <\/p><\/div>\n\n<div class=\"wp-block-post-date\"><time datetime=\"2011-12-29T20:26:29+02:00\">29. Dezember 2011<\/time><\/div><\/div><\/div>\n\n<\/li><li class=\"wp-block-post post-170 post type-post status-publish format-standard hentry category-southafrica\">\n\n<div class=\"wp-block-group\" style=\"padding-top:30px;padding-right:30px;padding-bottom:30px;padding-left:30px\"><div class=\"wp-block-group__inner-container is-layout-flow wp-block-group-is-layout-flow\"><h2 class=\"wp-block-post-title\"><a href=\"https:\/\/sitelogic.de\/?p=170\" target=\"_self\" >2. Tag &#8211; Darling und Evita Bezuidenhout<\/a><\/h2>\n\n<div class=\"wp-block-post-excerpt\"><p class=\"wp-block-post-excerpt__excerpt\">Nach einem tollen Fr\u00fchst\u00fcck im traumhaften Garten des Little Lemon Tree ging es heute in das ca. 80km n\u00f6rdlich von Kapstadt liegende \u00d6rtchen Darling zu einer Show von Pieter Dirk Uys alias Evita Bezuidenhout s\u00fcdafrikas ber\u00fchmtester Kom\u00f6diant und politischer Kabarettist. Die Figur Evita ist eine Mischung aus Olivia Jones und Volker Pispers. Auf jeden Fall&hellip; <\/p><\/div>\n\n<div class=\"wp-block-post-date\"><time datetime=\"2011-12-30T22:43:33+02:00\">30. Dezember 2011<\/time><\/div><\/div><\/div>\n\n<\/li><li class=\"wp-block-post post-180 post type-post status-publish format-standard hentry category-southafrica\">\n\n<div class=\"wp-block-group\" style=\"padding-top:30px;padding-right:30px;padding-bottom:30px;padding-left:30px\"><div class=\"wp-block-group__inner-container is-layout-flow wp-block-group-is-layout-flow\"><h2 class=\"wp-block-post-title\"><a href=\"https:\/\/sitelogic.de\/?p=180\" target=\"_self\" >3.Tag &#8211; Kap der guten Hoffnungen<\/a><\/h2>\n\n<div class=\"wp-block-post-excerpt\"><p class=\"wp-block-post-excerpt__excerpt\">Heute am dritten Tag unserer Reise ging es zum Cape of Good Hope Nature Reserve, welches Teil des Table Mountain National Parks ist. Da wir nicht dem Touristenstrom folgen wollten, die meistens nur in den Park fahren, um dort ein Foto vor dem Schild &#8222;Cape of Good Hope&#8220; zu machen und dann wieder umkehren, haben&hellip; <\/p><\/div>\n\n<div class=\"wp-block-post-date\"><time datetime=\"2011-12-31T22:03:12+02:00\">31. Dezember 2011<\/time><\/div><\/div><\/div>\n\n<\/li><li class=\"wp-block-post post-184 post type-post status-publish format-standard hentry category-southafrica\">\n\n<div class=\"wp-block-group\" style=\"padding-top:30px;padding-right:30px;padding-bottom:30px;padding-left:30px\"><div class=\"wp-block-group__inner-container is-layout-flow wp-block-group-is-layout-flow\"><h2 class=\"wp-block-post-title\"><a href=\"https:\/\/sitelogic.de\/?p=184\" target=\"_self\" >4. Tag &#8211; Kirstenbosch<\/a><\/h2>\n\n<div class=\"wp-block-post-excerpt\"><p class=\"wp-block-post-excerpt__excerpt\">Ein frohes neues Jahr euch allen! Eine Stunde fr\u00fcher als in Deutschland haben wir gestern Abend in der N\u00e4he des Stadions das Neujahrsfeuerwerk angeschaut. Es war ganz nett, aber auch nicht spektakul\u00e4r. Die Autos hupten und einige, besonders die schwarzen Ladys tanzten auf der Stra\u00dfe. Da wir zu Fu\u00df unterwegs waren, sind wir dann wieder&hellip; <\/p><\/div>\n\n<div class=\"wp-block-post-date\"><time datetime=\"2012-01-01T16:34:26+02:00\">1. Januar 2012<\/time><\/div><\/div><\/div>\n\n<\/li><li class=\"wp-block-post post-201 post type-post status-publish format-standard hentry category-southafrica\">\n\n<div class=\"wp-block-group\" style=\"padding-top:30px;padding-right:30px;padding-bottom:30px;padding-left:30px\"><div class=\"wp-block-group__inner-container is-layout-flow wp-block-group-is-layout-flow\"><h2 class=\"wp-block-post-title\"><a href=\"https:\/\/sitelogic.de\/?p=201\" target=\"_self\" >5. Tag &#8211; Robertson<\/a><\/h2>\n\n<div class=\"wp-block-post-excerpt\"><p class=\"wp-block-post-excerpt__excerpt\">Heute am 5.Tag unserer Reise haben wir unsere Zelte in Kapstadt abgebrochen und sind auf unsere Tour aufgebrochen. Unsere erste Station ist Robertson eine kleine Stadt ca. zwei Autostunden nord\u00f6stlich von Kapstadt entfernt. Die Gegend um Robertson geh\u00f6rt wohl zu der gr\u00f6\u00dften weinproduzierenden Region in S\u00fcdafrika. So wimmelt es hier von Weing\u00fctern, die aber alle&hellip; <\/p><\/div>\n\n<div class=\"wp-block-post-date\"><time datetime=\"2012-01-02T22:46:38+02:00\">2. Januar 2012<\/time><\/div><\/div><\/div>\n\n<\/li><li class=\"wp-block-post post-210 post type-post status-publish format-standard hentry category-southafrica\">\n\n<div class=\"wp-block-group\" style=\"padding-top:30px;padding-right:30px;padding-bottom:30px;padding-left:30px\"><div class=\"wp-block-group__inner-container is-layout-flow wp-block-group-is-layout-flow\"><h2 class=\"wp-block-post-title\"><a href=\"https:\/\/sitelogic.de\/?p=210\" target=\"_self\" >6. Tag &#8211; Immer noch Robertson<\/a><\/h2>\n\n<div class=\"wp-block-post-excerpt\"><p class=\"wp-block-post-excerpt__excerpt\">Am heutigen Tag sind wir nach einem ausgiebigen Fr\u00fchst\u00fcck, mit allerlei s\u00fcdafrikanischen Spezialit\u00e4ten zu einer l\u00e4ngeren Wanderung aufgebrochen. Start und Ziel des ca. 8km langen Fish Eagle Trails war das Van Loveren Weingut, eines der bekanntesten Weing\u00fcter hier in der Gegend. Da wir nat\u00fcrlich wieder einmal sehr lange geschlafen hatten, mussten wir in der glei\u00dfenden&hellip; <\/p><\/div>\n\n<div class=\"wp-block-post-date\"><time datetime=\"2012-01-03T19:51:22+02:00\">3. Januar 2012<\/time><\/div><\/div><\/div>\n\n<\/li><li class=\"wp-block-post post-216 post type-post status-publish format-standard hentry category-southafrica\">\n\n<div class=\"wp-block-group\" style=\"padding-top:30px;padding-right:30px;padding-bottom:30px;padding-left:30px\"><div class=\"wp-block-group__inner-container is-layout-flow wp-block-group-is-layout-flow\"><h2 class=\"wp-block-post-title\"><a href=\"https:\/\/sitelogic.de\/?p=216\" target=\"_self\" >7. Tag &#8211; Fahrt nach Knysna<\/a><\/h2>\n\n<div class=\"wp-block-post-excerpt\"><p class=\"wp-block-post-excerpt__excerpt\">Vom heutigen Tag gibt es nicht viel nennenswertes zu berichten. Die H\u00e4lfte des Tages haben wir mit der Autofahrt in die ca. 300km entfernte K\u00fcstenstadt Knysna verbracht. Vorbei ging es an Strau\u00dfenfarmen in Oudtshoorn und teilweise kargen Landschaften bis wir uns wieder der wolkenverhangenen K\u00fcste n\u00e4herten, die wiederum sehr gr\u00fcn ist. Diesen Abschnitt der K\u00fcste&hellip; <\/p><\/div>\n\n<div class=\"wp-block-post-date\"><time datetime=\"2012-01-04T23:25:40+02:00\">4. Januar 2012<\/time><\/div><\/div><\/div>\n\n<\/li><li class=\"wp-block-post post-226 post type-post status-publish format-standard hentry category-southafrica\">\n\n<div class=\"wp-block-group\" style=\"padding-top:30px;padding-right:30px;padding-bottom:30px;padding-left:30px\"><div class=\"wp-block-group__inner-container is-layout-flow wp-block-group-is-layout-flow\"><h2 class=\"wp-block-post-title\"><a href=\"https:\/\/sitelogic.de\/?p=226\" target=\"_self\" >8. Tag &#8211; Wilderness<\/a><\/h2>\n\n<div class=\"wp-block-post-excerpt\"><p class=\"wp-block-post-excerpt__excerpt\">Am heutigen unserem mittlerweile schon 8. Tag in S\u00fcdafrika haben wir Teile des Garden Route Nationalparks erkundet. Der Garden Route Nationalpark besteht aus drei Abschnitten, dem Wilderness-Nationalpark, der Knysna National Lake Area und dem Tsitsikamma-Nationalpark. Entlang der s\u00fcdlichen s\u00fcdafrikanischen K\u00fcste im Grenzgebiet der Western und Eastern Cape Provinz. Da wir uns schon in Knysna befinden&hellip; <\/p><\/div>\n\n<div class=\"wp-block-post-date\"><time datetime=\"2012-01-05T22:38:24+02:00\">5. Januar 2012<\/time><\/div><\/div><\/div>\n\n<\/li><li class=\"wp-block-post post-232 post type-post status-publish format-standard hentry category-southafrica\">\n\n<div class=\"wp-block-group\" style=\"padding-top:30px;padding-right:30px;padding-bottom:30px;padding-left:30px\"><div class=\"wp-block-group__inner-container is-layout-flow wp-block-group-is-layout-flow\"><h2 class=\"wp-block-post-title\"><a href=\"https:\/\/sitelogic.de\/?p=232\" target=\"_self\" >9. Tag &#8211; Diepvalle Forest und Breton-On-Sea<\/a><\/h2>\n\n<div class=\"wp-block-post-excerpt\"><p class=\"wp-block-post-excerpt__excerpt\">Gestern haben wir einen Wandertrail im Wilderness Abschnitt gemacht heute ging es in den Diepvalle Forest von Knysna, welcher ebenfalls ein Teil des Nationalparks ist. Um zum Startpunkt des 9km langen Elephant Walks zu gelangen, mussten wir eine Fahrt \u00fcber 20km Schotterpiste in Kauf nehmen. Als wir fast schon dachten, dass wir einen falsche Weg&hellip; <\/p><\/div>\n\n<div class=\"wp-block-post-date\"><time datetime=\"2012-01-06T21:55:17+02:00\">6. Januar 2012<\/time><\/div><\/div><\/div>\n\n<\/li><li class=\"wp-block-post post-236 post type-post status-publish format-standard hentry category-southafrica\">\n\n<div class=\"wp-block-group\" style=\"padding-top:30px;padding-right:30px;padding-bottom:30px;padding-left:30px\"><div class=\"wp-block-group__inner-container is-layout-flow wp-block-group-is-layout-flow\"><h2 class=\"wp-block-post-title\"><a href=\"https:\/\/sitelogic.de\/?p=236\" target=\"_self\" >10. Tag &#8211; Storms River Rest Camp<\/a><\/h2>\n\n<div class=\"wp-block-post-excerpt\"><p class=\"wp-block-post-excerpt__excerpt\">Mit dem heutigen Tag ist die H\u00e4lfte unseres Urlaubs vorbei. Wir haben unsere Zelte in Knysna abgebrochen und sind zu unserem letzten Ziel entlang der Garden Route dem ca. 50km \u00f6stlich gelegenen Tsitsikamma-Nationalpark aufgebrochen. Dort werden wir die Nacht direkt im Nationalpark im Storms River Rest Camp verbringen. Da wir erst gegen 14h einchecken konnten,&hellip; <\/p><\/div>\n\n<div class=\"wp-block-post-date\"><time datetime=\"2012-01-07T18:36:24+02:00\">7. Januar 2012<\/time><\/div><\/div><\/div>\n\n<\/li><li class=\"wp-block-post post-251 post type-post status-publish format-standard hentry category-southafrica\">\n\n<div class=\"wp-block-group\" style=\"padding-top:30px;padding-right:30px;padding-bottom:30px;padding-left:30px\"><div class=\"wp-block-group__inner-container is-layout-flow wp-block-group-is-layout-flow\"><h2 class=\"wp-block-post-title\"><a href=\"https:\/\/sitelogic.de\/?p=251\" target=\"_self\" >11. Tag &#8211; Graaff-Reinet und Valley of Desolation<\/a><\/h2>\n\n<div class=\"wp-block-post-excerpt\"><p class=\"wp-block-post-excerpt__excerpt\">Heute sind wir von unserem 4t\u00e4gigen K\u00fcstenaufenthalt aufgebrochen, sind um die 400km gefahren und unser Ziel war die 85.000 Einwohner z\u00e4hlende Stadt Graff-Reinet. Man muss sagen, dass obwohl es sich hier zumeist nur um zweispurige Stra\u00dfen handelt, kommt man in der Regel sehr gut voran. Es gibt kein Dr\u00e4ngeln oder gef\u00e4hrliches \u00dcberholen. Sobald sich einer&hellip; <\/p><\/div>\n\n<div class=\"wp-block-post-date\"><time datetime=\"2012-01-08T20:26:16+02:00\">8. Januar 2012<\/time><\/div><\/div><\/div>\n\n<\/li><li class=\"wp-block-post post-258 post type-post status-publish format-standard hentry category-southafrica\">\n\n<div class=\"wp-block-group\" style=\"padding-top:30px;padding-right:30px;padding-bottom:30px;padding-left:30px\"><div class=\"wp-block-group__inner-container is-layout-flow wp-block-group-is-layout-flow\"><h2 class=\"wp-block-post-title\"><a href=\"https:\/\/sitelogic.de\/?p=258\" target=\"_self\" >12. Tag &#8211; Camdeboo Nationalpark und Graaff-Reinet City<\/a><\/h2>\n\n<div class=\"wp-block-post-excerpt\"><p class=\"wp-block-post-excerpt__excerpt\">Am heutigen Tag klingelte der Wecker schon um 5.30h. Wir haben uns zu dieser menschenunw\u00fcrdigen Zeit auf den Weg in das Games View Reserve vom Cambedoo Nationalpark gemacht, um mit den Auto eine Art Safari durch das Gel\u00e4nde zu machen. Da die Tiere sich in der br\u00fcllenden Mittagshitze eher verkriechen, mussten wir das fr\u00fche Aufstehen&hellip; <\/p><\/div>\n\n<div class=\"wp-block-post-date\"><time datetime=\"2012-01-09T21:49:06+02:00\">9. Januar 2012<\/time><\/div><\/div><\/div>\n\n<\/li><li class=\"wp-block-post post-267 post type-post status-publish format-standard hentry category-southafrica\">\n\n<div class=\"wp-block-group\" style=\"padding-top:30px;padding-right:30px;padding-bottom:30px;padding-left:30px\"><div class=\"wp-block-group__inner-container is-layout-flow wp-block-group-is-layout-flow\"><h2 class=\"wp-block-post-title\"><a href=\"https:\/\/sitelogic.de\/?p=267\" target=\"_self\" >13. Tag &#8211; Nieu-Bethesda und Mountain Zebra Nationalpark<\/a><\/h2>\n\n<div class=\"wp-block-post-excerpt\"><p class=\"wp-block-post-excerpt__excerpt\">Nach dem gemeinsamen Fr\u00fchst\u00fcck mit unserer Gastgeberin haben wir Graaff-Reinet verlassen und sind zu unser n\u00e4chsten Station, dem Mountain Zebra Nationalpark aufgebrochen. Etwa 30km hinter Graff-Reinet haben wir einen kleinen Abstecher, den uns unsere Gastgeberin w\u00e4rmstens ans Herz gelegen hat, in den teilweise nur \u00fcber Schotterpiste zu erreichenden Ort Nieu-Bethesda gemacht. Das besondere an diesem&hellip; <\/p><\/div>\n\n<div class=\"wp-block-post-date\"><time datetime=\"2012-01-10T19:09:14+02:00\">10. Januar 2012<\/time><\/div><\/div><\/div>\n\n<\/li><li class=\"wp-block-post post-282 post type-post status-publish format-standard hentry category-southafrica\">\n\n<div class=\"wp-block-group\" style=\"padding-top:30px;padding-right:30px;padding-bottom:30px;padding-left:30px\"><div class=\"wp-block-group__inner-container is-layout-flow wp-block-group-is-layout-flow\"><h2 class=\"wp-block-post-title\"><a href=\"https:\/\/sitelogic.de\/?p=282\" target=\"_self\" >14. Tag &#8211; Mountain Zebra Nationalpark und Zwei Nash\u00f6rner<\/a><\/h2>\n\n<div class=\"wp-block-post-excerpt\"><p class=\"wp-block-post-excerpt__excerpt\">Um 6h klingelte heute unser Wecker, denn es war wieder Safari im Mountain Zebra Nationalpark angesagt. Nachdem wir die kurze Rundfahrt von 15km gestern gemacht haben, war heute morgen die gro\u00dfe Rundfahrt \u00fcber 30km an der Reihe. Das h\u00f6rt sich erst einmal nicht wahnsinnig viel an, wenn man jedoch bedenkt, dass man mit einer Durschnittsgeschwindigkeig&hellip; <\/p><\/div>\n\n<div class=\"wp-block-post-date\"><time datetime=\"2012-01-11T18:58:50+02:00\">11. Januar 2012<\/time><\/div><\/div><\/div>\n\n<\/li><li class=\"wp-block-post post-293 post type-post status-publish format-standard hentry category-southafrica\">\n\n<div class=\"wp-block-group\" style=\"padding-top:30px;padding-right:30px;padding-bottom:30px;padding-left:30px\"><div class=\"wp-block-group__inner-container is-layout-flow wp-block-group-is-layout-flow\"><h2 class=\"wp-block-post-title\"><a href=\"https:\/\/sitelogic.de\/?p=293\" target=\"_self\" >15. Tag &#8211; Addo Elephant Nationalpark<\/a><\/h2>\n\n<div class=\"wp-block-post-excerpt\"><p class=\"wp-block-post-excerpt__excerpt\">Aufgebrochen gegen 10h im Mountain Zebra Nationalpark in der N\u00e4he des St\u00e4dtchens Cradock haben wir nach einer rund dreist\u00fcndigen Fahrt unsere letzte Station, bevor es wieder nach Kapstadt geht, erreicht. Der Addo Elephant Nationalpark ist der zweitgr\u00f6\u00dfte Nationalpark in S\u00fcdafrika neben dem allseits bekannten Flaggschiff, dem Kr\u00fcger Nationalpark. Er beheimatet alle &#8222;Big Five&#8220; Tiere Afrikas,&hellip; <\/p><\/div>\n\n<div class=\"wp-block-post-date\"><time datetime=\"2012-01-12T22:04:02+02:00\">12. Januar 2012<\/time><\/div><\/div><\/div>\n\n<\/li><li class=\"wp-block-post post-312 post type-post status-publish format-standard hentry category-southafrica\">\n\n<div class=\"wp-block-group\" style=\"padding-top:30px;padding-right:30px;padding-bottom:30px;padding-left:30px\"><div class=\"wp-block-group__inner-container is-layout-flow wp-block-group-is-layout-flow\"><h2 class=\"wp-block-post-title\"><a href=\"https:\/\/sitelogic.de\/?p=312\" target=\"_self\" >16. Tag &#8211; Zuurberg Trail und Zwei L\u00f6wen<\/a><\/h2>\n\n<div class=\"wp-block-post-excerpt\"><p class=\"wp-block-post-excerpt__excerpt\">Auch heute am Freitag, dem 13. ging der Tag wieder sehr fr\u00fch los. Der Wecker klingelte um 6h. Unser Ziel war es eine dreist\u00fcndige Wanderung zu machen, w\u00e4hrend noch ertr\u00e4gliche Temperaturen herrschen. Doch als als wir aus dem Fenster schauten, sahen wir einen wolkenverhangenen Himmel und es nieselte. Die Temperaturen waren also sehr ertr\u00e4glich, wie&hellip; <\/p><\/div>\n\n<div class=\"wp-block-post-date\"><time datetime=\"2012-01-13T18:42:05+02:00\">13. Januar 2012<\/time><\/div><\/div><\/div>\n\n<\/li><li class=\"wp-block-post post-321 post type-post status-publish format-standard hentry category-southafrica\">\n\n<div class=\"wp-block-group\" style=\"padding-top:30px;padding-right:30px;padding-bottom:30px;padding-left:30px\"><div class=\"wp-block-group__inner-container is-layout-flow wp-block-group-is-layout-flow\"><h2 class=\"wp-block-post-title\"><a href=\"https:\/\/sitelogic.de\/?p=321\" target=\"_self\" >17. Tag &#8211; Zur\u00fcck in Kapstadt<\/a><\/h2>\n\n<div class=\"wp-block-post-excerpt\"><p class=\"wp-block-post-excerpt__excerpt\">Wir sind nach einer 9-st\u00fcndigen Fahrt wohlbehalten in Kapstadt angekommen. Von den knapp 850km waren lediglich 150km autobahn\u00e4hnlich ausgebaut. Beachtlich ist, dass wir trotzdem nur 9 Stunden gebraucht haben. Es ist hier so \u00fcblich, dass man mit knapp 130km\/h auf einer zweispurigen Stra\u00dfe, auf der auch mal gerne ein Pavian sitzt oder K\u00fche die Stra\u00dfe&hellip; <\/p><\/div>\n\n<div class=\"wp-block-post-date\"><time datetime=\"2012-01-14T19:27:33+02:00\">14. Januar 2012<\/time><\/div><\/div><\/div>\n\n<\/li><li class=\"wp-block-post post-328 post type-post status-publish format-standard hentry category-southafrica\">\n\n<div class=\"wp-block-group\" style=\"padding-top:30px;padding-right:30px;padding-bottom:30px;padding-left:30px\"><div class=\"wp-block-group__inner-container is-layout-flow wp-block-group-is-layout-flow\"><h2 class=\"wp-block-post-title\"><a href=\"https:\/\/sitelogic.de\/?p=328\" target=\"_self\" >18. Tag &#8211; Tafelberg<\/a><\/h2>\n\n<div class=\"wp-block-post-excerpt\"><p class=\"wp-block-post-excerpt__excerpt\">Aus dem Ausschlafen wurde heute nichts. Da wir die letzten Tage immer so fr\u00fch aufgestanden sind, hat uns die innere Uhr schon gegen 9h geweckt, was aber auch nicht weiter tragisch war. Im Garten stand schon unser Fr\u00fchst\u00fcck bereit und damit haben wir uns viel Zeit gelassen. Nach einem Abstecher zu einem kleinen, fu\u00dfl\u00e4ufig zu&hellip; <\/p><\/div>\n\n<div class=\"wp-block-post-date\"><time datetime=\"2012-01-15T18:56:43+02:00\">15. Januar 2012<\/time><\/div><\/div><\/div>\n\n<\/li><li class=\"wp-block-post post-335 post type-post status-publish format-standard hentry category-southafrica\">\n\n<div class=\"wp-block-group\" style=\"padding-top:30px;padding-right:30px;padding-bottom:30px;padding-left:30px\"><div class=\"wp-block-group__inner-container is-layout-flow wp-block-group-is-layout-flow\"><h2 class=\"wp-block-post-title\"><a href=\"https:\/\/sitelogic.de\/?p=335\" target=\"_self\" >19. Tag &#8211; Robben Island und Nelson Mandela<\/a><\/h2>\n\n<div class=\"wp-block-post-excerpt\"><p class=\"wp-block-post-excerpt__excerpt\">Heute stand ein Bootstrip auf die ehemalige Gef\u00e4ngnisinsel Robben Island auf dem Plan. Aufgrund der gro\u00dfen Nachfrage und begrenzten Kapazit\u00e4t, haben wir diesen Trip bereits Anfang Januar reservieren m\u00fcssen. Mittels einer F\u00e4hre dauerte die \u00dcberfahrt auf die 7km vom Festland entfernte Insel eine halbe Stunde. Robben Island beheimatete zur Zeit des Apartheid Regimes ein Hochsicherheitsgef\u00e4ngnis&hellip; <\/p><\/div>\n\n<div class=\"wp-block-post-date\"><time datetime=\"2012-01-16T17:49:43+02:00\">16. Januar 2012<\/time><\/div><\/div><\/div>\n\n<\/li><li class=\"wp-block-post post-347 post type-post status-publish format-standard hentry category-southafrica\">\n\n<div class=\"wp-block-group\" style=\"padding-top:30px;padding-right:30px;padding-bottom:30px;padding-left:30px\"><div class=\"wp-block-group__inner-container is-layout-flow wp-block-group-is-layout-flow\"><h2 class=\"wp-block-post-title\"><a href=\"https:\/\/sitelogic.de\/?p=347\" target=\"_self\" >20. Tag &#8211; Bye Bye South Africa<\/a><\/h2>\n\n<div class=\"wp-block-post-excerpt\"><p class=\"wp-block-post-excerpt__excerpt\">Heute ist es soweit, es geht zur\u00fcck nach Deutschland und es hei\u00dft Good Bye South Africa. Die vergangenen drei Wochen haben uns eine gro\u00dfartige Reise geboten, auch wenn wir nur einen kleinen Teil des Landes gesehen haben, k\u00f6nnen wir glaube ich sagen, dass es eins der sch\u00f6nsten L\u00e4nder ist, die wir bisher bereist haben. Auf&hellip; <\/p><\/div>\n\n<div class=\"wp-block-post-date\"><time datetime=\"2012-01-17T00:09:03+02:00\">17. Januar 2012<\/time><\/div><\/div><\/div>\n\n<\/li><li class=\"wp-block-post post-353 post type-post status-publish format-standard hentry category-southafrica\">\n\n<div class=\"wp-block-group\" style=\"padding-top:30px;padding-right:30px;padding-bottom:30px;padding-left:30px\"><div class=\"wp-block-group__inner-container is-layout-flow wp-block-group-is-layout-flow\"><h2 class=\"wp-block-post-title\"><a href=\"https:\/\/sitelogic.de\/?p=353\" target=\"_self\" >Wieder Zuhause! (PW: Meine Handynummer)<\/a><\/h2>\n\n<div class=\"wp-block-post-excerpt\"><p class=\"wp-block-post-excerpt__excerpt\">Mittlerweile sind wir wieder heil zu Hause angekommen. Nach 35 Grad und hei\u00dfem Sommerwetter war das eine echte Umstellung :-). Ich m\u00f6chte mich nocheinmal herzlich bei euch \u00fcber die zahlreichen Kommentare bedanken. Es haben doch mehr Leute den Blog verfolgt als ich gedacht habe. Am Anfang war ich mir nicht sicher, ob ich es durchhalten&hellip; <\/p><\/div>\n\n<div class=\"wp-block-post-date\"><time datetime=\"2012-01-21T13:39:26+02:00\">21. Januar 2012<\/time><\/div><\/div><\/div>\n\n<\/li><\/ul><\/div>\n","protected":false},"excerpt":{"rendered":"","protected":false},"author":1,"featured_media":0,"parent":0,"menu_order":0,"comment_status":"closed","ping_status":"closed","template":"","meta":{"jetpack_post_was_ever_published":false,"footnotes":""},"class_list":["post-111","page","type-page","status-publish","hentry"],"jetpack_sharing_enabled":true,"jetpack-related-posts":[],"_links":{"self":[{"href":"https:\/\/sitelogic.de\/index.php?rest_route=\/wp\/v2\/pages\/111","targetHints":{"allow":["GET"]}}],"collection":[{"href":"https:\/\/sitelogic.de\/index.php?rest_route=\/wp\/v2\/pages"}],"about":[{"href":"https:\/\/sitelogic.de\/index.php?rest_route=\/wp\/v2\/types\/page"}],"author":[{"embeddable":true,"href":"https:\/\/sitelogic.de\/index.php?rest_route=\/wp\/v2\/users\/1"}],"replies":[{"embeddable":true,"href":"https:\/\/sitelogic.de\/index.php?rest_route=%2Fwp%2Fv2%2Fcomments&post=111"}],"version-history":[{"count":16,"href":"https:\/\/sitelogic.de\/index.php?rest_route=\/wp\/v2\/pages\/111\/revisions"}],"predecessor-version":[{"id":1214,"href":"https:\/\/sitelogic.de\/index.php?rest_route=\/wp\/v2\/pages\/111\/revisions\/1214"}],"wp:attachment":[{"href":"https:\/\/sitelogic.de\/index.php?rest_route=%2Fwp%2Fv2%2Fmedia&parent=111"}],"curies":[{"name":"wp","href":"https:\/\/api.w.org\/{rel}","templated":true}]}}