{"id":1194,"date":"2025-05-25T21:43:14","date_gmt":"2025-05-25T19:43:14","guid":{"rendered":"http:\/\/sitelogic.de\/?page_id=1194"},"modified":"2025-05-25T22:36:06","modified_gmt":"2025-05-25T20:36:06","slug":"startseite","status":"publish","type":"page","link":"https:\/\/sitelogic.de\/","title":{"rendered":"Datenschutzerkl\u00e4rung &amp; Impressum"},"content":{"rendered":"\n<p><strong>Datenschutzerkl\u00e4rung<\/strong><br \/><br \/>1. Allgemeine Hinweise<br \/><br \/>Der Schutz deiner pers\u00f6nlichen Daten ist uns wichtig. Diese Webseite erhebt und verarbeitet personenbezogene Daten nur im technisch notwendigen Umfang. In keinem Fall werden die erhobenen Daten verkauft oder aus anderen Gr\u00fcnden an Dritte weitergegeben.<br \/><br \/>2. Verantwortlich f\u00fcr die Datenverarbeitung<br \/><br \/>Hermann-Josef Ahrens-Wendel <br \/>E-Mail: hj.ahrens@gmx.de<br \/><br \/>3. Zugriffsdaten<br \/><br \/>Beim Besuch dieser Webseite werden automatisch Informationen erhoben und gespeichert, die dein Browser \u00fcbermittelt. Dies sind z.\u202fB.:<br \/>&#8211; Browsertyp und Browserversion<br \/>&#8211; Verwendetes Betriebssystem<br \/>&#8211; Referrer URL<br \/>&#8211; Hostname des zugreifenden Rechners<br \/>&#8211; Uhrzeit der Serveranfrage<br \/>&#8211; IP-Adresse (gek\u00fcrzt)<br \/><br \/>Diese Daten dienen ausschlie\u00dflich der statistischen Auswertung und zur Verbesserung der Website. Eine Zusammenf\u00fchrung dieser Daten mit anderen Datenquellen wird nicht vorgenommen.<br \/><br \/>4. Cookies<br \/><br \/>Diese Website verwendet Cookies. Das sind kleine Textdateien, die dein Browser speichert. Cookies richten keinen Schaden an und enthalten keine Viren. Sie dienen dazu, das Angebot nutzerfreundlicher und sicherer zu machen. Du kannst in deinem Browser einstellen, dass du \u00fcber das Setzen von Cookies informiert wirst, Cookies nur im Einzelfall erlauben oder sie generell ablehnen.<br \/><br \/>5. Kontaktaufnahme<br \/><br \/>Wenn du mir per E-Mail Kontakt aufnimmst, werden deine Angaben zur Bearbeitung der Anfrage gespeichert. Diese Daten werden nicht ohne deine Einwilligung weitergegeben.<br \/><br \/>6. Eingebettete Inhalte von anderen Websites<br \/><br \/>Beitr\u00e4ge auf dieser Website k\u00f6nnen eingebettete Inhalte enthalten (z.\u202fB. Karten, Videos, Bilder). Eingebettete Inhalte von anderen Websites verhalten sich so, als ob der Besucher die andere Website besucht h\u00e4tte. Diese Websites k\u00f6nnen Daten \u00fcber dich sammeln, Cookies benutzen, zus\u00e4tzliche Tracking-Dienste von Dritten einbetten.<br \/><br \/>7. Jetpack &amp; Statistiken<br \/><br \/>Diese Website nutzt Jetpack, ein Plugin von Automattic Inc., zur statistischen Auswertung der Besucherzugriffe. Dabei kann deine IP-Adresse anonymisiert gespeichert werden. Weitere Informationen findest du in der Datenschutzerkl\u00e4rung von Jetpack: https:\/\/jetpack.com\/support\/privacy\/<br \/><br \/>8. Deine Rechte<br \/><br \/>Du hast jederzeit das Recht auf unentgeltliche Auskunft \u00fcber deine gespeicherten personenbezogenen Daten, deren Herkunft und Zweck der Datenverarbeitung sowie ggf. ein Recht auf Berichtigung, Sperrung oder L\u00f6schung dieser Daten.<br \/><br \/>9. \u00c4nderung dieser Datenschutzerkl\u00e4rung<br \/><br \/>Ich behalte mir vor, diese Datenschutzerkl\u00e4rung bei Bedarf anzupassen, damit sie stets den aktuellen rechtlichen Anforderungen entspricht.<br \/><br \/><br \/><strong>Impressum<\/strong><br \/><br \/>Angaben gem\u00e4\u00df \u00a7 5 TMG<br \/><br \/>Diese Website ist ein rein privates Projekt ohne kommerzielle Absicht.<br \/>Sie dient ausschlie\u00dflich der Dokumentation pers\u00f6nlicher Reiseerlebnisse.<br \/><br \/>Verantwortlich f\u00fcr den Inhalt dieser Webseite:<br \/>Hermann-Josef Ahrens-Wendel <br \/>E-Mail: hj.ahrens@gmx.de<br \/><br \/>Haftungsausschluss<br \/><br \/>Trotz sorgf\u00e4ltiger inhaltlicher Kontrolle \u00fcbernehme ich keine Haftung f\u00fcr die Inhalte externer Links.<br \/>F\u00fcr den Inhalt der verlinkten Seiten sind ausschlie\u00dflich deren Betreiber verantwortlich.<br \/><br \/>Urheberrecht<br \/><br \/>Die auf dieser Seite ver\u00f6ffentlichten Inhalte und Bilder unterliegen dem deutschen Urheberrecht.<br \/>Die Vervielf\u00e4ltigung, Bearbeitung oder Verbreitung ist nur mit ausdr\u00fccklicher Genehmigung des Autors gestattet.<br \/><\/p>\n","protected":false},"excerpt":{"rendered":"<p>Datenschutzerkl\u00e4rung 1. Allgemeine Hinweise Der Schutz deiner pers\u00f6nlichen Daten ist uns wichtig. Diese Webseite erhebt und verarbeitet personenbezogene Daten nur im technisch notwendigen Umfang. In keinem Fall werden die erhobenen Daten verkauft oder aus anderen Gr\u00fcnden an Dritte weitergegeben. 2. Verantwortlich f\u00fcr die Datenverarbeitung Hermann-Josef Ahrens-Wendel E-Mail: hj.ahrens@gmx.de 3. Zugriffsdaten Beim Besuch dieser Webseite werden [&hellip;]<\/p>\n","protected":false},"author":1,"featured_media":0,"parent":0,"menu_order":0,"comment_status":"closed","ping_status":"closed","template":"","meta":{"jetpack_post_was_ever_published":false,"footnotes":""},"class_list":["post-1194","page","type-page","status-publish","hentry"],"jetpack_sharing_enabled":true,"jetpack-related-posts":[],"_links":{"self":[{"href":"https:\/\/sitelogic.de\/index.php?rest_route=\/wp\/v2\/pages\/1194","targetHints":{"allow":["GET"]}}],"collection":[{"href":"https:\/\/sitelogic.de\/index.php?rest_route=\/wp\/v2\/pages"}],"about":[{"href":"https:\/\/sitelogic.de\/index.php?rest_route=\/wp\/v2\/types\/page"}],"author":[{"embeddable":true,"href":"https:\/\/sitelogic.de\/index.php?rest_route=\/wp\/v2\/users\/1"}],"replies":[{"embeddable":true,"href":"https:\/\/sitelogic.de\/index.php?rest_route=%2Fwp%2Fv2%2Fcomments&post=1194"}],"version-history":[{"count":5,"href":"https:\/\/sitelogic.de\/index.php?rest_route=\/wp\/v2\/pages\/1194\/revisions"}],"predecessor-version":[{"id":1206,"href":"https:\/\/sitelogic.de\/index.php?rest_route=\/wp\/v2\/pages\/1194\/revisions\/1206"}],"wp:attachment":[{"href":"https:\/\/sitelogic.de\/index.php?rest_route=%2Fwp%2Fv2%2Fmedia&parent=1194"}],"curies":[{"name":"wp","href":"https:\/\/api.w.org\/{rel}","templated":true}]}}