{"id":1196,"date":"2025-05-25T21:50:14","date_gmt":"2025-05-25T19:50:14","guid":{"rendered":"http:\/\/sitelogic.de\/?page_id=1196"},"modified":"2025-05-26T20:38:58","modified_gmt":"2025-05-26T18:38:58","slug":"kanada","status":"publish","type":"page","link":"https:\/\/sitelogic.de\/?page_id=1196","title":{"rendered":"Kanada"},"content":{"rendered":"\n<div class=\"wp-block-query is-layout-flow wp-block-query-is-layout-flow\"><ul class=\"columns-3 wp-block-post-template is-layout-grid wp-container-core-post-template-is-layout-2fc57c17 wp-block-post-template-is-layout-grid\"><li class=\"wp-block-post post-685 post type-post status-publish format-standard hentry category-canada\">\n\n<div class=\"wp-block-group\" style=\"padding-top:30px;padding-right:30px;padding-bottom:30px;padding-left:30px\"><div class=\"wp-block-group__inner-container is-layout-flow wp-block-group-is-layout-flow\"><h2 class=\"wp-block-post-title\"><a href=\"https:\/\/sitelogic.de\/?p=685\" target=\"_self\" >Noch 3 Tage<\/a><\/h2>\n\n<div class=\"wp-block-post-excerpt\"><p class=\"wp-block-post-excerpt__excerpt\">Die Koffer sind gepackt! Am Donnerstag geht es mit der Familie im Gep\u00e4ck auf eine Reise durch Kanada. Von Vancouver \u00fcber die Rockies nach Calgary, dann \u00fcber einen Inlandsflug nach Montr\u00e9al und Qu\u00e9bec reisen wir durch das zweitgr\u00f6\u00dfte Land der Erde. Wir sind bereits sehr aufgeregt. Wer Lust hat uns ein wenig auf unserer Reise&hellip; <\/p><\/div>\n\n<div class=\"wp-block-post-date\"><time datetime=\"2014-06-02T22:46:06+02:00\">2. Juni 2014<\/time><\/div><\/div><\/div>\n\n<\/li><li class=\"wp-block-post post-705 post type-post status-publish format-standard hentry category-canada\">\n\n<div class=\"wp-block-group\" style=\"padding-top:30px;padding-right:30px;padding-bottom:30px;padding-left:30px\"><div class=\"wp-block-group__inner-container is-layout-flow wp-block-group-is-layout-flow\"><h2 class=\"wp-block-post-title\"><a href=\"https:\/\/sitelogic.de\/?p=705\" target=\"_self\" >1. Tag &#8211; Ankunft in Vancouver<\/a><\/h2>\n\n<div class=\"wp-block-post-excerpt\"><p class=\"wp-block-post-excerpt__excerpt\">Nach einem unspektakul\u00e4ren, aber anstrengenden Flug mit einem Jumbo, sind wir gut in Vancouver angekommen. Unser Quartier liegt auf dem Campusgel\u00e4nde der University of British Columbia (UBC), der gr\u00f6\u00dften Uni in Vancouver. Den Tag haben wir in einem Irish Pub mit Burger und Fish &amp; Chips v\u00f6llig \u00fcberm\u00fcdet ausklingen lassen. Hier ein Foto von unserem&hellip; <\/p><\/div>\n\n<div class=\"wp-block-post-date\"><time datetime=\"2014-06-06T22:46:36+02:00\">6. Juni 2014<\/time><\/div><\/div><\/div>\n\n<\/li><li class=\"wp-block-post post-722 post type-post status-publish format-standard hentry category-canada\">\n\n<div class=\"wp-block-group\" style=\"padding-top:30px;padding-right:30px;padding-bottom:30px;padding-left:30px\"><div class=\"wp-block-group__inner-container is-layout-flow wp-block-group-is-layout-flow\"><h2 class=\"wp-block-post-title\"><a href=\"https:\/\/sitelogic.de\/?p=722\" target=\"_self\" >2.Tag &#8211; Vancouver City<\/a><\/h2>\n\n<div class=\"wp-block-post-excerpt\"><p class=\"wp-block-post-excerpt__excerpt\">Der Tag hat fr\u00fch begonnen. Um 6h waren wir schon alle wach und haben im Zimmer von unseren Eltern gefr\u00fchst\u00fcckt. Wir haben in unseren Zimmern eine kleine K\u00fcche mit Herd, Backofen und K\u00fchlschrank. Nach der St\u00e4rkung ging es dann einen kleinen Trail mit vielen Treppenstufen herunter zum Meer, wo wir einen tollen Ausblick auf das&hellip; <\/p><\/div>\n\n<div class=\"wp-block-post-date\"><time datetime=\"2014-06-07T16:31:08+02:00\">7. Juni 2014<\/time><\/div><\/div><\/div>\n\n<\/li><li class=\"wp-block-post post-732 post type-post status-publish format-standard hentry category-canada\">\n\n<div class=\"wp-block-group\" style=\"padding-top:30px;padding-right:30px;padding-bottom:30px;padding-left:30px\"><div class=\"wp-block-group__inner-container is-layout-flow wp-block-group-is-layout-flow\"><h2 class=\"wp-block-post-title\"><a href=\"https:\/\/sitelogic.de\/?p=732\" target=\"_self\" >3. Tag &#8211; Stanley Park<\/a><\/h2>\n\n<div class=\"wp-block-post-excerpt\"><p class=\"wp-block-post-excerpt__excerpt\">Am heutigen Tag ging es mit dem Auto in Richtung Downtown Vancouver. In der N\u00e4he des am n\u00f6rdlichem Zipfel der Burrad-Halbinsel gelegenen Stanley Parks, haben wir uns Fahrr\u00e4der geliehen und sind die K\u00fcste am Rande des Parks mit Helm &#8211; denn hier herrscht Helmpflicht &#8211; entlang geradelt. Es ging vorbei an Totem Pf\u00e4hle und einer&hellip; <\/p><\/div>\n\n<div class=\"wp-block-post-date\"><time datetime=\"2014-06-08T07:29:15+02:00\">8. Juni 2014<\/time><\/div><\/div><\/div>\n\n<\/li><li class=\"wp-block-post post-741 post type-post status-publish format-standard hentry category-canada\">\n\n<div class=\"wp-block-group\" style=\"padding-top:30px;padding-right:30px;padding-bottom:30px;padding-left:30px\"><div class=\"wp-block-group__inner-container is-layout-flow wp-block-group-is-layout-flow\"><h2 class=\"wp-block-post-title\"><a href=\"https:\/\/sitelogic.de\/?p=741\" target=\"_self\" >4. Tag &#8211; Victoria und Fahrt nach Ucluelet (Vancouver Island)<\/a><\/h2>\n\n<div class=\"wp-block-post-excerpt\"><p class=\"wp-block-post-excerpt__excerpt\">Am vierten Tag unserer Reise haben wir unsere Zelte in Vancouver abgebrochen, um auf Vancouver Island \u00fcberzusetzen. Vancouver Island ist mit 31.000qkm die gr\u00f6\u00dfte Pazifikinsel Nordamerikas. Nach einem etwas \u00fcberst\u00fcrzten Aufbruch &#8211; Andreas hatte spontan beschlossen eine F\u00e4hre fr\u00fcher zu nehmen &#8211; brachte uns eine anderthalbst\u00fcndige Fahrt mit der F\u00e4hre von Tsawwassen bis kurz vor&hellip; <\/p><\/div>\n\n<div class=\"wp-block-post-date\"><time datetime=\"2014-06-09T17:33:43+02:00\">9. Juni 2014<\/time><\/div><\/div><\/div>\n\n<\/li><li class=\"wp-block-post post-747 post type-post status-publish format-standard hentry category-canada\">\n\n<div class=\"wp-block-group\" style=\"padding-top:30px;padding-right:30px;padding-bottom:30px;padding-left:30px\"><div class=\"wp-block-group__inner-container is-layout-flow wp-block-group-is-layout-flow\"><h2 class=\"wp-block-post-title\"><a href=\"https:\/\/sitelogic.de\/?p=747\" target=\"_self\" >5. Tag &#8211; Pacific Rim National Park<\/a><\/h2>\n\n<div class=\"wp-block-post-excerpt\"><p class=\"wp-block-post-excerpt__excerpt\">Am heutigen Morgen wurden wir mit diesem Anblick aus dem Fenster begr\u00fc\u00dft. Froh, dass uns heute Nacht kein B\u00e4r bel\u00e4stigt hat, gab es getoastete Bagels zum Fr\u00fchst\u00fcck. Apropos B\u00e4r, man wird hier im Haus sehr h\u00e4ufig daran erinnert, dass man keine T\u00fcren offen lassen soll, keine Kinder unbeaufsichtigt lassen soll und auch keinen M\u00fcll au\u00dferhalb&hellip; <\/p><\/div>\n\n<div class=\"wp-block-post-date\"><time datetime=\"2014-06-10T06:01:46+02:00\">10. Juni 2014<\/time><\/div><\/div><\/div>\n\n<\/li><li class=\"wp-block-post post-800 post type-post status-publish format-standard hentry category-canada\">\n\n<div class=\"wp-block-group\" style=\"padding-top:30px;padding-right:30px;padding-bottom:30px;padding-left:30px\"><div class=\"wp-block-group__inner-container is-layout-flow wp-block-group-is-layout-flow\"><h2 class=\"wp-block-post-title\"><a href=\"https:\/\/sitelogic.de\/?p=800\" target=\"_self\" >6. Tag &#8211; Wild Pacific Trail und Ucluelet City<\/a><\/h2>\n\n<div class=\"wp-block-post-excerpt\"><p class=\"wp-block-post-excerpt__excerpt\">Am heutigen Tag sind wir in Richtung Ucluelet zu einem kleinen Rundwanderweg, dem Wild Pacific Trail aufgebrochen. Der Trail verl\u00e4uft am s\u00fcdlichen Zipfel der kleinen Halbinsel, auf der das St\u00e4dtchen Ucluelet liegt, entlang der Pazifikk\u00fcste. Wie schon am Vortag bot sich ein tolles Panorama am Meer. Allerdings hat die \u00e4lteste Reiseteilnehmerin nicht immer alle Hinweisschilder&hellip; <\/p><\/div>\n\n<div class=\"wp-block-post-date\"><time datetime=\"2014-06-11T03:32:50+02:00\">11. Juni 2014<\/time><\/div><\/div><\/div>\n\n<\/li><li class=\"wp-block-post post-818 post type-post status-publish format-standard hentry category-canada\">\n\n<div class=\"wp-block-group\" style=\"padding-top:30px;padding-right:30px;padding-bottom:30px;padding-left:30px\"><div class=\"wp-block-group__inner-container is-layout-flow wp-block-group-is-layout-flow\"><h2 class=\"wp-block-post-title\"><a href=\"https:\/\/sitelogic.de\/?p=818\" target=\"_self\" >7. Tag &#8211; Aufbruch Richtung Rocky Mountains bzw. Fahrt nach Little Fort<\/a><\/h2>\n\n<div class=\"wp-block-post-excerpt\"><p class=\"wp-block-post-excerpt__excerpt\">Heute morgen mussten wir schweren Herzens unsere heimelige Villa am See verlassen. Aber nicht nur von der Villa mussten wir uns verabschieden, sondern auch von der Pazifikk\u00fcste. Denn unsere n\u00e4chste Station der Reise &#8211; der etwa 1000km entfernte Jasper Nationalpark &#8211; wartet schon auf uns. Kaum waren wir losgefahren, passierte das, worauf wir schon die&hellip; <\/p><\/div>\n\n<div class=\"wp-block-post-date\"><time datetime=\"2014-06-12T08:16:35+02:00\">12. Juni 2014<\/time><\/div><\/div><\/div>\n\n<\/li><li class=\"wp-block-post post-828 post type-post status-publish format-standard hentry category-canada\">\n\n<div class=\"wp-block-group\" style=\"padding-top:30px;padding-right:30px;padding-bottom:30px;padding-left:30px\"><div class=\"wp-block-group__inner-container is-layout-flow wp-block-group-is-layout-flow\"><h2 class=\"wp-block-post-title\"><a href=\"https:\/\/sitelogic.de\/?p=828\" target=\"_self\" >8. Tag &#8211; Wells Grey und Mount Robson<\/a><\/h2>\n\n<div class=\"wp-block-post-excerpt\"><p class=\"wp-block-post-excerpt__excerpt\">Das wichtigste zum Anfang: WIR HABEN B\u00c4REN GESEHEN und Fotos gemacht!!! Aber erstmal der Reihe nach. Der Tag hat &#8211; mal wieder &#8211; fr\u00fch begonnen. P\u00fcnktlich um 7h wird die \u00e4ltere Generation unruhig und leidet unter Bettflucht. Zuerst konnten wir unsere Eltern nicht finden, doch ein paar Meter weiter am angrenzenden Campingplatz fanden wir sie&hellip; <\/p><\/div>\n\n<div class=\"wp-block-post-date\"><time datetime=\"2014-06-13T07:52:10+02:00\">13. Juni 2014<\/time><\/div><\/div><\/div>\n\n<\/li><li class=\"wp-block-post post-843 post type-post status-publish format-standard hentry category-canada\">\n\n<div class=\"wp-block-group\" style=\"padding-top:30px;padding-right:30px;padding-bottom:30px;padding-left:30px\"><div class=\"wp-block-group__inner-container is-layout-flow wp-block-group-is-layout-flow\"><h2 class=\"wp-block-post-title\"><a href=\"https:\/\/sitelogic.de\/?p=843\" target=\"_self\" >9. Tag &#8211; Mount Robson und Jasper Nationalpark<\/a><\/h2>\n\n<div class=\"wp-block-post-excerpt\"><p class=\"wp-block-post-excerpt__excerpt\">So wie wir gestern mit einem tollen Blick auf den Mount Robson und Wasserrauschen vom Robson River eingeschlafen sind, so sind wir auch aufgewacht und wollten gar nicht erst aufstehen. Aber die Natur und die Eltern riefen uns. In der Mountain River Lodge wurde uns in der unteren Etage in einer Art gem\u00fctlichem Wohnzimmer das&hellip; <\/p><\/div>\n\n<div class=\"wp-block-post-date\"><time datetime=\"2014-06-14T06:35:51+02:00\">14. Juni 2014<\/time><\/div><\/div><\/div>\n\n<\/li><li class=\"wp-block-post post-869 post type-post status-publish format-standard hentry category-canada\">\n\n<div class=\"wp-block-group\" style=\"padding-top:30px;padding-right:30px;padding-bottom:30px;padding-left:30px\"><div class=\"wp-block-group__inner-container is-layout-flow wp-block-group-is-layout-flow\"><h2 class=\"wp-block-post-title\"><a href=\"https:\/\/sitelogic.de\/?p=869\" target=\"_self\" >10. Tag &#8211; Jasper Nationalpark &#8211; Maligne Canyon und Maligne Lake<\/a><\/h2>\n\n<div class=\"wp-block-post-excerpt\"><p class=\"wp-block-post-excerpt__excerpt\">Heute konnten wir bis 9h (!) ausschlafen und zu zweit fr\u00fchst\u00fccken, denn unsere Eltern sind zum shoppen in den Ortskern von Jasper gefahren. So haben wir einen ruhigen vormittag in der H\u00fctte verbracht. Als die \u00e4ltere Generation dann wieder zu uns stie\u00df, mussten wir uns entscheiden wo wir heute wandern gehen. Die Auswahl war leider&hellip; <\/p><\/div>\n\n<div class=\"wp-block-post-date\"><time datetime=\"2014-06-15T05:29:10+02:00\">15. Juni 2014<\/time><\/div><\/div><\/div>\n\n<\/li><li class=\"wp-block-post post-892 post type-post status-publish format-standard hentry category-canada\">\n\n<div class=\"wp-block-group\" style=\"padding-top:30px;padding-right:30px;padding-bottom:30px;padding-left:30px\"><div class=\"wp-block-group__inner-container is-layout-flow wp-block-group-is-layout-flow\"><h2 class=\"wp-block-post-title\"><a href=\"https:\/\/sitelogic.de\/?p=892\" target=\"_self\" >11. Tag &#8211; Columbia Icefield und Banff Nationalpark<\/a><\/h2>\n\n<div class=\"wp-block-post-excerpt\"><p class=\"wp-block-post-excerpt__excerpt\">Bei einem kurzen morgendlichen Spaziergang \u00fcber das Gel\u00e4nde unserer Unterkunft, bemerkten wir, dass wir von einem Steinbock beobachtet wurden. An einem Hang \u00fcber uns lag er bequem und hatte einen guten Blick auf uns und lie\u00df sich auch nicht aus der Ruhe bringen. Der heutige Tag bestand zum gr\u00f6\u00dften Teil aus der knapp 300km langen&hellip; <\/p><\/div>\n\n<div class=\"wp-block-post-date\"><time datetime=\"2014-06-16T08:08:39+02:00\">16. Juni 2014<\/time><\/div><\/div><\/div>\n\n<\/li><li class=\"wp-block-post post-909 post type-post status-publish format-standard hentry category-canada\">\n\n<div class=\"wp-block-group\" style=\"padding-top:30px;padding-right:30px;padding-bottom:30px;padding-left:30px\"><div class=\"wp-block-group__inner-container is-layout-flow wp-block-group-is-layout-flow\"><h2 class=\"wp-block-post-title\"><a href=\"https:\/\/sitelogic.de\/?p=909\" target=\"_self\" >12. Tag &#8211; Lake Minnewanka \/ C-Level Cirque Trail<\/a><\/h2>\n\n<div class=\"wp-block-post-excerpt\"><p class=\"wp-block-post-excerpt__excerpt\">Auch heute Stand wieder eine Wanderung in der Natur auf dem Programm. Gegen Mittag sind wir zum Lake Minnewanka aufgebrochen, um dort einen Berg einer verlassenen Mine zu erklimmen. Auf dem sogenannten C-Level Cirque Trail waren die Warnungen vor der Gefahr einst\u00fcrzender Stollen nicht zu \u00fcbersehen. Der Weg stieg gleichm\u00e4\u00dfig \u00fcber eine Strecke von 3.9km&hellip; <\/p><\/div>\n\n<div class=\"wp-block-post-date\"><time datetime=\"2014-06-17T06:42:01+02:00\">17. Juni 2014<\/time><\/div><\/div><\/div>\n\n<\/li><li class=\"wp-block-post post-932 post type-post status-publish format-standard hentry category-canada\">\n\n<div class=\"wp-block-group\" style=\"padding-top:30px;padding-right:30px;padding-bottom:30px;padding-left:30px\"><div class=\"wp-block-group__inner-container is-layout-flow wp-block-group-is-layout-flow\"><h2 class=\"wp-block-post-title\"><a href=\"https:\/\/sitelogic.de\/?p=932\" target=\"_self\" >13. Tag &#8211; Calgary<\/a><\/h2>\n\n<div class=\"wp-block-post-excerpt\"><p class=\"wp-block-post-excerpt__excerpt\">Heute morgen hat es in Banff in Str\u00f6men geregnet. Daher haben wir uns nicht dazu aufraffen k\u00f6nnen, wie urspr\u00fcnglich geplant, zum Lake Louise zu fahren. Da Calgary &#8222;nur&#8220; etwa 100km entfernt liegt und dort die Wetteraussichten besser zu sein schienen, haben wir uns dazu entschlossen, in die gr\u00f6\u00dfte Stadt der Provinz Alberta zu fahren. Calgary&hellip; <\/p><\/div>\n\n<div class=\"wp-block-post-date\"><time datetime=\"2014-06-18T07:40:21+02:00\">18. Juni 2014<\/time><\/div><\/div><\/div>\n\n<\/li><li class=\"wp-block-post post-949 post type-post status-publish format-standard hentry category-canada\">\n\n<div class=\"wp-block-group\" style=\"padding-top:30px;padding-right:30px;padding-bottom:30px;padding-left:30px\"><div class=\"wp-block-group__inner-container is-layout-flow wp-block-group-is-layout-flow\"><h2 class=\"wp-block-post-title\"><a href=\"https:\/\/sitelogic.de\/?p=949\" target=\"_self\" >14. Tag &#8211; Lake Louise und Moraine Lake<\/a><\/h2>\n\n<div class=\"wp-block-post-excerpt\"><p class=\"wp-block-post-excerpt__excerpt\">Nach mehreren Tagen mit dicht bew\u00f6lktem Himmel, sind wir heute wieder mit strahlendem Sonnenschein geweckt worden. Am letzten Tag unserer Reise in den Rockies haben wir den Lake Louise und Moraine Lake besichtigt. Der Lake Louise ist der meist besuchte Bergsee Kanadas. Die Umgebung um den See ist wirklich sehr sch\u00f6n, allerdings ist der See&hellip; <\/p><\/div>\n\n<div class=\"wp-block-post-date\"><time datetime=\"2014-06-19T07:40:54+02:00\">19. Juni 2014<\/time><\/div><\/div><\/div>\n\n<\/li><li class=\"wp-block-post post-954 post type-post status-publish format-standard hentry category-canada\">\n\n<div class=\"wp-block-group\" style=\"padding-top:30px;padding-right:30px;padding-bottom:30px;padding-left:30px\"><div class=\"wp-block-group__inner-container is-layout-flow wp-block-group-is-layout-flow\"><h2 class=\"wp-block-post-title\"><a href=\"https:\/\/sitelogic.de\/?p=954\" target=\"_self\" >15. Tag &#8211; Flug nach Montr\u00e9al<\/a><\/h2>\n\n<div class=\"wp-block-post-excerpt\"><p class=\"wp-block-post-excerpt__excerpt\">Heute tags\u00fcber sind wir von Calgary nach Montr\u00e9al geflogen. Der Flug mit einer Embraer Machine dauerte knapp 4 Stunden. Von 15 Grad str\u00f6mendem Regen, sind wir zwei Zeitzonen weiter in wolkenlose 25 Grad geflogen. Auch wenn wir uns immer noch im gleichen Land befinden, so hat man das Gef\u00fchl, dass wir komplett irgendwo anders sind.&hellip; <\/p><\/div>\n\n<div class=\"wp-block-post-date\"><time datetime=\"2014-06-20T07:07:55+02:00\">20. Juni 2014<\/time><\/div><\/div><\/div>\n\n<\/li><li class=\"wp-block-post post-965 post type-post status-publish format-standard hentry category-canada\">\n\n<div class=\"wp-block-group\" style=\"padding-top:30px;padding-right:30px;padding-bottom:30px;padding-left:30px\"><div class=\"wp-block-group__inner-container is-layout-flow wp-block-group-is-layout-flow\"><h2 class=\"wp-block-post-title\"><a href=\"https:\/\/sitelogic.de\/?p=965\" target=\"_self\" >16. und 17. Tag &#8211; Montr\u00e9al<\/a><\/h2>\n\n<div class=\"wp-block-post-excerpt\"><p class=\"wp-block-post-excerpt__excerpt\">Gestern morgen haben wir nach unserem gemeinsamen Fr\u00fchst\u00fcck unsere Eltern zum Abfahrtspunkt eines Greyline Sightseeing-Busses gebracht. Es f\u00fchlte sich ein wenig so an, als ob wir unsere Kinder das erste Mal alleine lie\u00dfen! Gut ausgestattet mit Karten, Informationen und einem Metroticket gingen sie ihrer Wege, w\u00e4hrend wir die Stadt zu Fu\u00df erkundeten. Wir schlenderten durch&hellip; <\/p><\/div>\n\n<div class=\"wp-block-post-date\"><time datetime=\"2014-06-22T01:54:39+02:00\">22. Juni 2014<\/time><\/div><\/div><\/div>\n\n<\/li><li class=\"wp-block-post post-973 post type-post status-publish format-standard hentry category-canada\">\n\n<div class=\"wp-block-group\" style=\"padding-top:30px;padding-right:30px;padding-bottom:30px;padding-left:30px\"><div class=\"wp-block-group__inner-container is-layout-flow wp-block-group-is-layout-flow\"><h2 class=\"wp-block-post-title\"><a href=\"https:\/\/sitelogic.de\/?p=973\" target=\"_self\" >18. bis 20. Tag &#8211; Qu\u00e9bec City und Fahrt nach Magog<\/a><\/h2>\n\n<div class=\"wp-block-post-excerpt\"><p class=\"wp-block-post-excerpt__excerpt\">Von Montr\u00e9al ging es knapp 250km entlang des Sankt-Lorenz-Stroms nach Qu\u00e9bec City, der Hauptstadt der frankophonen Provinz. Dort kamen haben wir zwei N\u00e4chte in einem relativ luxuri\u00f6sen Hotel verbracht. Im Prinzip war es f\u00fcr uns das erste &#8222;richtige&#8220; Hotel w\u00e4hrend unserer Reise und wir haben dort in erster Linie \u00fcbernachtet, weil der Bruder von Andreas&hellip; <\/p><\/div>\n\n<div class=\"wp-block-post-date\"><time datetime=\"2014-06-25T02:05:13+02:00\">25. Juni 2014<\/time><\/div><\/div><\/div>\n\n<\/li><li class=\"wp-block-post post-991 post type-post status-publish format-standard hentry category-canada\">\n\n<div class=\"wp-block-group\" style=\"padding-top:30px;padding-right:30px;padding-bottom:30px;padding-left:30px\"><div class=\"wp-block-group__inner-container is-layout-flow wp-block-group-is-layout-flow\"><h2 class=\"wp-block-post-title\"><a href=\"https:\/\/sitelogic.de\/?p=991\" target=\"_self\" >21. und 22. Tag &#8211; North Hatley &#8211; Bye, Bye Canada<\/a><\/h2>\n\n<div class=\"wp-block-post-excerpt\"><p class=\"wp-block-post-excerpt__excerpt\">Heute war der letzte komplette Tag in Kanada. Wir sind gegen mittag ins knapp 15km entfernte North Hatley gefahren, wo wir die ehemaligen Gasteltern von Andreas getroffen haben. Unsere komplette Reisegesellschaft war dort zum Essen eingeladen. Andreas hatte sehr viel zu tun, denn die Gasteltern taten sich &#8211; \u00e4hnlich wie unsere Eltern &#8211; recht schwer&hellip; <\/p><\/div>\n\n<div class=\"wp-block-post-date\"><time datetime=\"2014-06-26T03:08:16+02:00\">26. Juni 2014<\/time><\/div><\/div><\/div>\n\n<\/li><li class=\"wp-block-post post-1001 post type-post status-publish format-standard hentry category-canada\">\n\n<div class=\"wp-block-group\" style=\"padding-top:30px;padding-right:30px;padding-bottom:30px;padding-left:30px\"><div class=\"wp-block-group__inner-container is-layout-flow wp-block-group-is-layout-flow\"><h2 class=\"wp-block-post-title\"><a href=\"https:\/\/sitelogic.de\/?p=1001\" target=\"_self\" >Fotos! (Passwort: Meine Handynummer)<\/a><\/h2>\n\n<div class=\"wp-block-post-excerpt\"><p class=\"wp-block-post-excerpt__excerpt\">Endlich haben wir unsere fast 2000 Fotos sortiert und eine &#8222;kleine&#8220; Auswahl der besten Fotos zusammengestellt. Hier der Link zum iCloud Fotoalbum. <\/p><\/div>\n\n<div class=\"wp-block-post-date\"><time datetime=\"2014-07-12T01:28:06+02:00\">12. Juli 2014<\/time><\/div><\/div><\/div>\n\n<\/li><\/ul><\/div>\n","protected":false},"excerpt":{"rendered":"","protected":false},"author":1,"featured_media":0,"parent":0,"menu_order":0,"comment_status":"closed","ping_status":"closed","template":"","meta":{"jetpack_post_was_ever_published":false,"footnotes":""},"class_list":["post-1196","page","type-page","status-publish","hentry"],"jetpack_sharing_enabled":true,"jetpack-related-posts":[],"_links":{"self":[{"href":"https:\/\/sitelogic.de\/index.php?rest_route=\/wp\/v2\/pages\/1196","targetHints":{"allow":["GET"]}}],"collection":[{"href":"https:\/\/sitelogic.de\/index.php?rest_route=\/wp\/v2\/pages"}],"about":[{"href":"https:\/\/sitelogic.de\/index.php?rest_route=\/wp\/v2\/types\/page"}],"author":[{"embeddable":true,"href":"https:\/\/sitelogic.de\/index.php?rest_route=\/wp\/v2\/users\/1"}],"replies":[{"embeddable":true,"href":"https:\/\/sitelogic.de\/index.php?rest_route=%2Fwp%2Fv2%2Fcomments&post=1196"}],"version-history":[{"count":5,"href":"https:\/\/sitelogic.de\/index.php?rest_route=\/wp\/v2\/pages\/1196\/revisions"}],"predecessor-version":[{"id":1212,"href":"https:\/\/sitelogic.de\/index.php?rest_route=\/wp\/v2\/pages\/1196\/revisions\/1212"}],"wp:attachment":[{"href":"https:\/\/sitelogic.de\/index.php?rest_route=%2Fwp%2Fv2%2Fmedia&parent=1196"}],"curies":[{"name":"wp","href":"https:\/\/api.w.org\/{rel}","templated":true}]}}